{"id":2,"date":"2026-02-10T12:55:58","date_gmt":"2026-02-10T12:55:58","guid":{"rendered":"http:\/\/blog.les-chroniques-des-celestonautes.com\/?page_id=2"},"modified":"2026-02-10T14:25:15","modified_gmt":"2026-02-10T14:25:15","slug":"sample-page","status":"publish","type":"page","link":"https:\/\/blog.les-chroniques-des-celestonautes.com\/index.php\/sample-page\/","title":{"rendered":"A propos"},"content":{"rendered":"\n<p>Bienvenue \u00e0 bord, voyageur !<\/p>\n\n\n\n<p>Ce &#8220;journal&#8221; a pour but de montrer des phases de construction et de conception qui sont trop brutes pour \u00eatre pr\u00e9sent\u00e9es dans la (future) section bonus du site.<\/p>\n\n\n\n<p>C&#8217;est aussi un endroit o\u00f9 poster les &#8220;trucs moches&#8221; dont le reste d&#8217;internet ne saurait que faire, mais qui seront bient\u00f4t raffin\u00e9s en dessins, sc\u00e8nes ou illustrations plus jolies. <\/p>\n\n\n\n<p>Le fr\u00e9quence de publication est parfaitement al\u00e9atoire, ce n&#8217;est pas mon activit\u00e9 principale, ni m\u00eame secondaire, mais j&#8217;y tiens et j&#8217;avance comme je peux.<\/p>\n\n\n\n<p>A bient\u00f4t donc !<\/p>\n\n\n\n<p><\/p>\n","protected":false},"excerpt":{"rendered":"<p>Bienvenue \u00e0 bord, voyageur ! Ce &#8220;journal&#8221; a pour but de montrer des phases de construction et de conception qui sont trop brutes pour \u00eatre pr\u00e9sent\u00e9es dans la (future) section bonus du site. C&#8217;est aussi un endroit o\u00f9 poster les &#8220;trucs moches&#8221; dont le reste d&#8217;internet ne saurait que faire, mais qui seront bient\u00f4t raffin\u00e9s [&hellip;]<\/p>\n","protected":false},"author":1,"featured_media":0,"parent":0,"menu_order":0,"comment_status":"closed","ping_status":"open","template":"","meta":{"footnotes":""},"class_list":["post-2","page","type-page","status-publish","hentry"],"_links":{"self":[{"href":"https:\/\/blog.les-chroniques-des-celestonautes.com\/index.php\/wp-json\/wp\/v2\/pages\/2","targetHints":{"allow":["GET"]}}],"collection":[{"href":"https:\/\/blog.les-chroniques-des-celestonautes.com\/index.php\/wp-json\/wp\/v2\/pages"}],"about":[{"href":"https:\/\/blog.les-chroniques-des-celestonautes.com\/index.php\/wp-json\/wp\/v2\/types\/page"}],"author":[{"embeddable":true,"href":"https:\/\/blog.les-chroniques-des-celestonautes.com\/index.php\/wp-json\/wp\/v2\/users\/1"}],"replies":[{"embeddable":true,"href":"https:\/\/blog.les-chroniques-des-celestonautes.com\/index.php\/wp-json\/wp\/v2\/comments?post=2"}],"version-history":[{"count":2,"href":"https:\/\/blog.les-chroniques-des-celestonautes.com\/index.php\/wp-json\/wp\/v2\/pages\/2\/revisions"}],"predecessor-version":[{"id":11,"href":"https:\/\/blog.les-chroniques-des-celestonautes.com\/index.php\/wp-json\/wp\/v2\/pages\/2\/revisions\/11"}],"wp:attachment":[{"href":"https:\/\/blog.les-chroniques-des-celestonautes.com\/index.php\/wp-json\/wp\/v2\/media?parent=2"}],"curies":[{"name":"wp","href":"https:\/\/api.w.org\/{rel}","templated":true}]}}